{"id":3,"date":"2024-09-16T09:34:31","date_gmt":"2024-09-16T09:34:31","guid":{"rendered":"https:\/\/cerco-auto.it\/?page_id=3"},"modified":"2025-11-12T13:03:08","modified_gmt":"2025-11-12T13:03:08","slug":"polityka-prywatnosci","status":"publish","type":"page","link":"https:\/\/cerco-auto.it\/pl\/polityka-prywatnosci\/","title":{"rendered":"Polityka Prywatnosci"},"content":{"rendered":"\t\t<div data-elementor-type=\"wp-page\" data-elementor-id=\"3\" class=\"elementor elementor-3\">\n\t\t\t\t<div class=\"e-con-with-custom-width elementor-element elementor-element-5718cb04 e-flex e-con-boxed sc_layouts_column_icons_position_left e-con e-parent\" data-id=\"5718cb04\" data-element_type=\"container\" data-e-type=\"container\">\n\t\t\t\t\t<div class=\"e-con-inner\">\n\t\t\t\t<div class=\"elementor-element elementor-element-53b852f2 sc_fly_static elementor-widget elementor-widget-text-editor\" data-id=\"53b852f2\" data-element_type=\"widget\" data-e-type=\"widget\" data-widget_type=\"text-editor.default\">\n\t\t\t\t\t\t\t\t\t<p>Celem niniejszej polityki prywatno\u015bci jest poinformowanie u\u017cytkownik\u00f3w o zasadach gromadzenia, przetwarzania i ochrony danych osobowych u\u017cytkownik\u00f3w oraz informacji o u\u017cytkownikach, w szczeg\u00f3lno\u015bci z uwzgl\u0119dnieniem tre\u015bci nowych przepis\u00f3w o ochronie danych osobowych, w tym Rozporz\u0105dzenia Parlamentu Europejskiego i Rady (UE) 2016\/679 z dnia 27 kwietnia 2016 r. w sprawie ochrony os\u00f3b fizycznych w zwi\u0105zku z przetwarzaniem danych osobowych i w sprawie swobodnego przep\u0142ywu takich danych oraz uchylenia dyrektywy 95\/46\/WE (&#8222;RODO&#8221;). 679 Parlamentu Europejskiego i Rady z dnia 27 kwietnia 2016 r. w sprawie ochrony os\u00f3b fizycznych w zwi\u0105zku z przetwarzaniem danych osobowych i w sprawie swobodnego przep\u0142ywu takich danych oraz uchylenia dyrektywy 95\/46\/WE (&#8222;RODO&#8221;). przyj\u0119ta przez CARINVEST POLOGNE, zarejestrowan\u0105 pod numerem NIP: 9571128270, REGON: 387491736, z siedzib\u0105 przy ul. Deszczowej 1, Warszawa. Polityka Prywatno\u015bci ma zastosowanie do wszystkich przypadk\u00f3w, w kt\u00f3rych CARINVEST POLOGNE jest administratorem danych osobowych i przetwarza dane osobowe. Dotyczy to przetwarzania danych osobowych otrzymanych bezpo\u015brednio od osoby, kt\u00f3rej dane dotycz\u0105 oraz danych osobowych otrzymanych z innych \u017ar\u00f3de\u0142. CARINVEST POLOGNE realizuje swoje obowi\u0105zki informacyjne w obu powy\u017cszych przypadkach okre\u015blonych w art. 13 i art. 14 RODO zgodnie z tymi przepisami.<\/p>\t\t\t\t\t\t\t\t<\/div>\n\t\t\t\t<div class=\"elementor-element elementor-element-498fe2c elementor-widget-divider--view-line sc_fly_static elementor-widget elementor-widget-divider\" data-id=\"498fe2c\" data-element_type=\"widget\" data-e-type=\"widget\" data-widget_type=\"divider.default\">\n\t\t\t\t\t\t\t<div class=\"elementor-divider\">\n\t\t\t<span class=\"elementor-divider-separator\">\n\t\t\t\t\t\t<\/span>\n\t\t<\/div>\n\t\t\t\t\t\t<\/div>\n\t\t\t\t<div class=\"elementor-element elementor-element-2d8814c7 sc_fly_static elementor-widget elementor-widget-text-editor\" data-id=\"2d8814c7\" data-element_type=\"widget\" data-e-type=\"widget\" data-widget_type=\"text-editor.default\">\n\t\t\t\t\t\t\t\t\t<h4>1. Gromadzone informacje i ich wykorzystanie<\/h4><p>U\u017cytkownicy serwisu\u00a0<a href=\"https:\/\/carinvest-europe.com\/\">carinvest-europe.com<\/a>\u00a0pozostaj\u0105 anonimowi tak d\u0142ugo, a\u017c sami nie zdecyduj\u0105 inaczej. CARINVEST POLOGNE zbiera i wykorzystuje niezb\u0119dne minimum informacji o u\u017cytkownikach wymagane do \u015bwiadczenia im us\u0142ug na odpowiednim poziomie. Serwis zbiera nast\u0119puj\u0105ce informacje:<\/p><ul><li>typ i wersja przegl\u0105darki u\u017cytkownika;<\/li><li>typ systemu operacyjnego u\u017cytkownika i adres IP<\/li><li>dane sesji, a mianowicie data i godzina dost\u0119pu do strony<\/li><li>informacje o \u017ar\u00f3d\u0142ach (stronach internetowych), z kt\u00f3rych system u\u017cytkownika uzyska\u0142 dost\u0119p do strony\u00a0<a href=\"https:\/\/carinvest-europe.com\/\">carinvest-europe.com<\/a>\u00a0(informacje o odes\u0142aniach), a tak\u017ce informacje o stronach internetowych, do kt\u00f3rych system u\u017cytkownika uzyska\u0142 dost\u0119p za po\u015brednictwem strony carinvest-europe.com.<\/li><li>dane z formularzy kontaktowych na stronie internetowej, kt\u00f3re u\u017cytkownik wype\u0142nia dobrowolnie, a mianowicie: imi\u0119 i nazwisko, numer telefonu. Informacje podane przez u\u017cytkownika w formularzu kontaktowym s\u0105 wykorzystywane przez CARINVEST POLOGNE do komunikacji z u\u017cytkownikami i przesy\u0142ania niezb\u0119dnych powiadomie\u0144 o szczeg\u00f3\u0142ach \u015bwiadczonych us\u0142ug oraz kontaktu handlowego.<\/li><\/ul>\t\t\t\t\t\t\t\t<\/div>\n\t\t\t\t<div class=\"elementor-element elementor-element-1fc6d92 elementor-widget-divider--view-line sc_fly_static elementor-widget elementor-widget-divider\" data-id=\"1fc6d92\" data-element_type=\"widget\" data-e-type=\"widget\" data-widget_type=\"divider.default\">\n\t\t\t\t\t\t\t<div class=\"elementor-divider\">\n\t\t\t<span class=\"elementor-divider-separator\">\n\t\t\t\t\t\t<\/span>\n\t\t<\/div>\n\t\t\t\t\t\t<\/div>\n\t\t\t\t<div class=\"elementor-element elementor-element-36bbaf9a sc_fly_static elementor-widget elementor-widget-text-editor\" data-id=\"36bbaf9a\" data-element_type=\"widget\" data-e-type=\"widget\" data-widget_type=\"text-editor.default\">\n\t\t\t\t\t\t\t\t\t<h4>2. Przekazywanie danych osobowych u\u017cytkownika innym podmiotom<\/h4><p>Dane u\u017cytkownik\u00f3w serwisu\u00a0<a href=\"https:\/\/carinvest-europe.com\/\">carinvest-europe.com<\/a>\u00a0nie s\u0105 przekazywane osobom trzecim. Administratorem danych osobowych jest: CARINVEST POLOGNE, ul. Deszczowej 1, Warszawa w rozumieniu Rozporz\u0105dzenia Parlamentu Europejskiego i Rady (UE) 2016\/679 z dnia 27 kwietnia 2016 r. oraz na podstawie zgody wyra\u017conej przez u\u017cytkownika.<\/p>\t\t\t\t\t\t\t\t<\/div>\n\t\t\t\t<div class=\"elementor-element elementor-element-5df80ae elementor-widget-divider--view-line sc_fly_static elementor-widget elementor-widget-divider\" data-id=\"5df80ae\" data-element_type=\"widget\" data-e-type=\"widget\" data-widget_type=\"divider.default\">\n\t\t\t\t\t\t\t<div class=\"elementor-divider\">\n\t\t\t<span class=\"elementor-divider-separator\">\n\t\t\t\t\t\t<\/span>\n\t\t<\/div>\n\t\t\t\t\t\t<\/div>\n\t\t\t\t<div class=\"elementor-element elementor-element-6c2c6a7f sc_fly_static elementor-widget elementor-widget-text-editor\" data-id=\"6c2c6a7f\" data-element_type=\"widget\" data-e-type=\"widget\" data-widget_type=\"text-editor.default\">\n\t\t\t\t\t\t\t\t\t<h4>3. Prawo dost\u0119pu, sprostowania i usuni\u0119cia danych u\u017cytkownika<\/h4><p>U\u017cytkownik serwisu\u00a0<a href=\"https:\/\/carinvest-europe.com\/\">carinvest-europe.com<\/a>\u00a0ma prawo do:<\/p><ul><li>zapoznania si\u0119 z wykazem swoich danych osobowych, kt\u00f3re zosta\u0142y zebrane przez CARINVEST POLOGNE;<\/li><li>wycofania zgody na przetwarzanie danych, je\u017celi CARINVEST POLOGNE przetwarza jego dane osobowe na podstawie zgody;<\/li><li>\u017c\u0105dania sprostowania lub usuni\u0119cia danych osobowych;<\/li><li>\u017c\u0105dania ograniczenia przetwarzania danych osobowych<\/li><li>wniesienia sprzeciwu wobec przetwarzania danych osobowych;<\/li><li>wniesienia skargi do organu nadzorczego zajmuj\u0105cego si\u0119 ochron\u0105 danych osobowych, tj. Prezesa Urz\u0119du Ochrony Danych Osobowych.<\/li><\/ul><p>CARINVEST POLOGNE umo\u017cliwia swoim u\u017cytkownikom wyb\u00f3r, czy i w jakim zakresie chc\u0105 korzysta\u0107 ze strony internetowej\u00a0<a href=\"https:\/\/carinvest-europe.com\/\">carinvest-europe.com<\/a>\u00a0i udost\u0119pnia\u0107 informacje o sobie. Przegl\u0105danie informacji na stronie jest dost\u0119pne bez konieczno\u015bci podawania danych osobowych, jest to wymagane jedynie w przypadku niekt\u00f3rych us\u0142ug, takich jak formularze kontaktowe.<\/p>\t\t\t\t\t\t\t\t<\/div>\n\t\t\t\t<div class=\"elementor-element elementor-element-a9a97eb elementor-widget-divider--view-line sc_fly_static elementor-widget elementor-widget-divider\" data-id=\"a9a97eb\" data-element_type=\"widget\" data-e-type=\"widget\" data-widget_type=\"divider.default\">\n\t\t\t\t\t\t\t<div class=\"elementor-divider\">\n\t\t\t<span class=\"elementor-divider-separator\">\n\t\t\t\t\t\t<\/span>\n\t\t<\/div>\n\t\t\t\t\t\t<\/div>\n\t\t\t\t<div class=\"elementor-element elementor-element-6931eac3 sc_fly_static elementor-widget elementor-widget-text-editor\" data-id=\"6931eac3\" data-element_type=\"widget\" data-e-type=\"widget\" data-widget_type=\"text-editor.default\">\n\t\t\t\t\t\t\t\t\t<h4>4. Polityka plik\u00f3w cookies<\/h4><p>Strona\u00a0<a href=\"https:\/\/carinvest-europe.com\/\">carinvest-europe.com<\/a>\u00a0wykorzystuje do swojego dzia\u0142ania pliki cookies. Korzystanie z witryny oznacza zgod\u0119 na ich gromadzenie i wykorzystywanie. Opisana polityka plik\u00f3w cookies odnosi si\u0119 do wszystkich stron internetowych oraz aplikacji na urz\u0105dzenia mobilne, nale\u017c\u0105cych do CARINVEST POLOGNE. Pliki cookie to ma\u0142e pliki tekstowe, kt\u00f3re strony internetowe wysy\u0142aj\u0105 do komputera u\u017cytkownika w celu przechowywania informacji o jego dzia\u0142aniach i preferencjach. Pliki te s\u0105 przechowywane na urz\u0105dzeniu przegl\u0105darki internetowej u\u017cytkownika i umo\u017cliwiaj\u0105 stronom internetowym zapami\u0119tanie niekt\u00f3rych szczeg\u00f3\u0142\u00f3w wizyty w celu zapewnienia wygodniejszego i bardziej spersonalizowanego do\u015bwiadczenia. Na przyk\u0142ad pliki cookie s\u0105 u\u017cywane do zapami\u0119tywania danych tymczasowych, takich jak stan sesji lub wybrane ustawienia, oraz do przechowywania danych d\u0142ugoterminowych, takich jak preferencje u\u017cytkownika lub informacje do automatycznego uwierzytelniania (trwa\u0142e pliki cookie). \u015aledz\u0105ce pliki cookie s\u0142u\u017c\u0105 do \u015bledzenia zachowania u\u017cytkownika na stronie internetowej. Funkcjonalne pliki cookie przechowuj\u0105 preferencje u\u017cytkownika, takie jak j\u0119zyk lub region, w celu poprawy komfortu u\u017cytkowania. Dane osobowe gromadzone za po\u015brednictwem plik\u00f3w cookie s\u0105 szyfrowane, aby uniemo\u017cliwi\u0107 dost\u0119p do nich osobom niepo\u017c\u0105danym i nieupowa\u017cnionym. Je\u015bli u\u017cytkownik nie wyra\u017ca zgody na \u015bledzenie jego aktywno\u015bci na stronie internetowej, mo\u017ce w ka\u017cdej chwili wy\u0142\u0105czy\u0107 obs\u0142ug\u0119 plik\u00f3w cookie w swojej przegl\u0105darce. Informacje na temat zmiany ustawie\u0144 dotycz\u0105cych plik\u00f3w cookies w poszczeg\u00f3lnych przegl\u0105darkach dost\u0119pne s\u0105 na stronach Chrome, Firefox, Internet Explorer, Opera i Safari. CARINVEST POLOGNE nie u\u017cywa trwa\u0142ych plik\u00f3w cookies. Serwis Car Group korzysta z Google Analytics, us\u0142ugi analizy ogl\u0105dalno\u015bci stron internetowych Google Inc (&#8222;Google&#8221;) w celu analizy zachowa\u0144 u\u017cytkownik\u00f3w. Google Analytics wykorzystuje pliki cookie, kt\u00f3re s\u0105 przechowywane na urz\u0105dzeniu u\u017cytkownika i umo\u017cliwiaj\u0105 analiz\u0119 sposobu, w jaki u\u017cytkownik korzysta ze strony internetowej. Pliki cookie wykorzystywane przez Google Analytics mog\u0105 by\u0107 tymczasowymi lub trwa\u0142ymi plikami cookie, kt\u00f3rych maksymalny czas trwania wynosi zwykle mniej ni\u017c dwa lata.<\/p>\t\t\t\t\t\t\t\t<\/div>\n\t\t\t\t<div class=\"elementor-element elementor-element-e87af7f elementor-widget-divider--view-line sc_fly_static elementor-widget elementor-widget-divider\" data-id=\"e87af7f\" data-element_type=\"widget\" data-e-type=\"widget\" data-widget_type=\"divider.default\">\n\t\t\t\t\t\t\t<div class=\"elementor-divider\">\n\t\t\t<span class=\"elementor-divider-separator\">\n\t\t\t\t\t\t<\/span>\n\t\t<\/div>\n\t\t\t\t\t\t<\/div>\n\t\t\t\t<div class=\"elementor-element elementor-element-4755235 sc_fly_static elementor-widget elementor-widget-text-editor\" data-id=\"4755235\" data-element_type=\"widget\" data-e-type=\"widget\" data-widget_type=\"text-editor.default\">\n\t\t\t\t\t\t\t\t\t<h4>5. Zg\u0142oszenia z formularzy kontaktowych na stronie internetowej<\/h4><p>Strona internetowa\u00a0<a href=\"https:\/\/carinvest-europe.com\/\">carinvest-europe.com<\/a>\u00a0oferuje u\u017cytkownikom mo\u017cliwo\u015b\u0107 skontaktowania si\u0119 z firm\u0105 za po\u015brednictwem formularza kontaktowego. Korzystaj\u0105c ze wspomnianego formularza, u\u017cytkownicy s\u0105 zwykle zobowi\u0105zani do podania CARINVEST POLOGNE swoich danych osobowych. Dane te s\u0105 przetwarzane wy\u0142\u0105cznie w zakresie i celu, w jakim zosta\u0142y podane oraz za zgod\u0105 u\u017cytkownika.<\/p>\t\t\t\t\t\t\t\t<\/div>\n\t\t\t\t<div class=\"elementor-element elementor-element-5065d7c elementor-widget-divider--view-line sc_fly_static elementor-widget elementor-widget-divider\" data-id=\"5065d7c\" data-element_type=\"widget\" data-e-type=\"widget\" data-widget_type=\"divider.default\">\n\t\t\t\t\t\t\t<div class=\"elementor-divider\">\n\t\t\t<span class=\"elementor-divider-separator\">\n\t\t\t\t\t\t<\/span>\n\t\t<\/div>\n\t\t\t\t\t\t<\/div>\n\t\t\t\t<div class=\"elementor-element elementor-element-3a922974 sc_fly_static elementor-widget elementor-widget-text-editor\" data-id=\"3a922974\" data-element_type=\"widget\" data-e-type=\"widget\" data-widget_type=\"text-editor.default\">\n\t\t\t\t\t\t\t\t\t<h4>6. Zmiany w Polityce Prywatno\u015bci<\/h4><p>Zmiany w Polityce Prywatno\u015bci CARINVEST POLOGNE monitoruje postanowienia zawarte w Polityce Prywatno\u015bci i zastrzega sobie prawo do zmiany niniejszej Polityki, je\u015bli oka\u017ce si\u0119 to konieczne lub po\u017c\u0105dane ze wzgl\u0119du na nowe przepisy prawa, nowe wytyczne organ\u00f3w odpowiedzialnych za nadz\u00f3r nad procesami ochrony danych osobowych, najlepsze praktyki stosowane w zakresie ochrony danych osobowych. CARINVEST POLOGNE zastrzega sobie r\u00f3wnie\u017c prawo do modyfikacji niniejszej Polityki Prywatno\u015bci w przypadku zmiany technologii, za pomoc\u0105 kt\u00f3rej CARINVEST POLOGNE przetwarza dane osobowe (o ile zmiana ta b\u0119dzie mia\u0142a wp\u0142yw na brzmienie niniejszego dokumentu), jak r\u00f3wnie\u017c w przypadku zmiany sposobu, celu lub podstawy prawnej przetwarzania danych osobowych przez CARINVEST POLOGNE.<\/p>\t\t\t\t\t\t\t\t<\/div>\n\t\t\t\t\t<\/div>\n\t\t\t\t<\/div>\n\t\t\t\t<\/div>\n\t\t","protected":false},"excerpt":{"rendered":"<p>Celem niniejszej polityki prywatno\u015bci jest poinformowanie&hellip;<\/p>\n","protected":false},"author":1,"featured_media":0,"parent":0,"menu_order":0,"comment_status":"closed","ping_status":"open","template":"","meta":{"_acf_changed":false,"footnotes":""},"class_list":["post-3","page","type-page","status-publish","hentry"],"acf":[],"yoast_head":"<!-- This site is optimized with the Yoast SEO plugin v26.7 - https:\/\/yoast.com\/wordpress\/plugins\/seo\/ -->\n<title>Polityka Prywatnosci - Casa<\/title>\n<meta name=\"description\" content=\"Casa -\" \/>\n<meta name=\"robots\" content=\"index, follow, max-snippet:-1, max-image-preview:large, max-video-preview:-1\" \/>\n<link rel=\"canonical\" href=\"https:\/\/cerco-auto.it\/politica-sulla-riservatezza\/\" \/>\n<meta property=\"og:locale\" content=\"pl_PL\" \/>\n<meta property=\"og:type\" content=\"article\" \/>\n<meta property=\"og:title\" content=\"Polityka Prywatnosci - Casa\" \/>\n<meta property=\"og:description\" content=\"Casa -\" \/>\n<meta property=\"og:url\" content=\"https:\/\/cerco-auto.it\/politica-sulla-riservatezza\/\" \/>\n<meta property=\"og:site_name\" content=\"Casa\" \/>\n<meta property=\"article:publisher\" content=\"https:\/\/www.facebook.com\/cercoautoit\" \/>\n<meta property=\"article:modified_time\" content=\"2025-11-12T13:03:08+00:00\" \/>\n<meta property=\"og:image\" content=\"https:\/\/i0.wp.com\/cerco-auto.it\/wp-content\/uploads\/2026\/03\/Acquista-Auto-Usate-a-Roma.jpeg?fit=991%2C611&ssl=1\" \/>\n\t<meta property=\"og:image:width\" content=\"991\" \/>\n\t<meta property=\"og:image:height\" content=\"611\" \/>\n\t<meta property=\"og:image:type\" content=\"image\/jpeg\" \/>\n<meta name=\"twitter:card\" content=\"summary_large_image\" \/>\n<meta name=\"twitter:label1\" content=\"Szacowany czas czytania\" \/>\n\t<meta name=\"twitter:data1\" content=\"5 minut\" \/>\n<script type=\"application\/ld+json\" class=\"yoast-schema-graph\">{\"@context\":\"https:\/\/schema.org\",\"@graph\":[{\"@type\":\"WebPage\",\"@id\":\"https:\/\/cerco-auto.it\/politica-sulla-riservatezza\/\",\"url\":\"https:\/\/cerco-auto.it\/politica-sulla-riservatezza\/\",\"name\":\"Polityka Prywatnosci - Casa\",\"isPartOf\":{\"@id\":\"https:\/\/cerco-auto.it\/#website\"},\"datePublished\":\"2024-09-16T09:34:31+00:00\",\"dateModified\":\"2025-11-12T13:03:08+00:00\",\"description\":\"Casa -\",\"breadcrumb\":{\"@id\":\"https:\/\/cerco-auto.it\/politica-sulla-riservatezza\/#breadcrumb\"},\"inLanguage\":\"pl-PL\",\"potentialAction\":[{\"@type\":\"ReadAction\",\"target\":[\"https:\/\/cerco-auto.it\/politica-sulla-riservatezza\/\"]}]},{\"@type\":\"BreadcrumbList\",\"@id\":\"https:\/\/cerco-auto.it\/politica-sulla-riservatezza\/#breadcrumb\",\"itemListElement\":[{\"@type\":\"ListItem\",\"position\":1,\"name\":\"Home\",\"item\":\"https:\/\/cerco-auto.it\/pl\/\"},{\"@type\":\"ListItem\",\"position\":2,\"name\":\"Polityka Prywatnosci\"}]},{\"@type\":\"WebSite\",\"@id\":\"https:\/\/cerco-auto.it\/#website\",\"url\":\"https:\/\/cerco-auto.it\/\",\"name\":\"CercoAuto\",\"description\":\"Najlepszy u\u017cywany samoch\u00f3d\",\"publisher\":{\"@id\":\"https:\/\/cerco-auto.it\/#organization\"},\"alternateName\":\"Acquista Auto Usate a Roma\",\"potentialAction\":[{\"@type\":\"SearchAction\",\"target\":{\"@type\":\"EntryPoint\",\"urlTemplate\":\"https:\/\/cerco-auto.it\/?s={search_term_string}\"},\"query-input\":{\"@type\":\"PropertyValueSpecification\",\"valueRequired\":true,\"valueName\":\"search_term_string\"}}],\"inLanguage\":\"pl-PL\"},{\"@type\":\"Organization\",\"@id\":\"https:\/\/cerco-auto.it\/#organization\",\"name\":\"CercoAuto\",\"alternateName\":\"AUTO LOGISTICA EUROPEA SOCIETA\u2019 A RESPONSABILITA\u2019 LIMITATa\",\"url\":\"https:\/\/cerco-auto.it\/\",\"logo\":{\"@type\":\"ImageObject\",\"inLanguage\":\"pl-PL\",\"@id\":\"https:\/\/cerco-auto.it\/#\/schema\/logo\/image\/\",\"url\":\"https:\/\/i0.wp.com\/cerco-auto.it\/wp-content\/uploads\/2025\/12\/cerco-logo.png?fit=170%2C45&ssl=1\",\"contentUrl\":\"https:\/\/i0.wp.com\/cerco-auto.it\/wp-content\/uploads\/2025\/12\/cerco-logo.png?fit=170%2C45&ssl=1\",\"width\":170,\"height\":45,\"caption\":\"CercoAuto\"},\"image\":{\"@id\":\"https:\/\/cerco-auto.it\/#\/schema\/logo\/image\/\"},\"sameAs\":[\"https:\/\/www.facebook.com\/cercoautoit\"]}]}<\/script>\n<!-- \/ Yoast SEO plugin. -->","yoast_head_json":{"title":"Polityka Prywatnosci - Casa","description":"Casa -","robots":{"index":"index","follow":"follow","max-snippet":"max-snippet:-1","max-image-preview":"max-image-preview:large","max-video-preview":"max-video-preview:-1"},"canonical":"https:\/\/cerco-auto.it\/politica-sulla-riservatezza\/","og_locale":"pl_PL","og_type":"article","og_title":"Polityka Prywatnosci - Casa","og_description":"Casa -","og_url":"https:\/\/cerco-auto.it\/politica-sulla-riservatezza\/","og_site_name":"Casa","article_publisher":"https:\/\/www.facebook.com\/cercoautoit","article_modified_time":"2025-11-12T13:03:08+00:00","og_image":[{"width":991,"height":611,"url":"https:\/\/i0.wp.com\/cerco-auto.it\/wp-content\/uploads\/2026\/03\/Acquista-Auto-Usate-a-Roma.jpeg?fit=991%2C611&ssl=1","type":"image\/jpeg"}],"twitter_card":"summary_large_image","twitter_misc":{"Szacowany czas czytania":"5 minut"},"schema":{"@context":"https:\/\/schema.org","@graph":[{"@type":"WebPage","@id":"https:\/\/cerco-auto.it\/politica-sulla-riservatezza\/","url":"https:\/\/cerco-auto.it\/politica-sulla-riservatezza\/","name":"Polityka Prywatnosci - Casa","isPartOf":{"@id":"https:\/\/cerco-auto.it\/#website"},"datePublished":"2024-09-16T09:34:31+00:00","dateModified":"2025-11-12T13:03:08+00:00","description":"Casa -","breadcrumb":{"@id":"https:\/\/cerco-auto.it\/politica-sulla-riservatezza\/#breadcrumb"},"inLanguage":"pl-PL","potentialAction":[{"@type":"ReadAction","target":["https:\/\/cerco-auto.it\/politica-sulla-riservatezza\/"]}]},{"@type":"BreadcrumbList","@id":"https:\/\/cerco-auto.it\/politica-sulla-riservatezza\/#breadcrumb","itemListElement":[{"@type":"ListItem","position":1,"name":"Home","item":"https:\/\/cerco-auto.it\/pl\/"},{"@type":"ListItem","position":2,"name":"Polityka Prywatnosci"}]},{"@type":"WebSite","@id":"https:\/\/cerco-auto.it\/#website","url":"https:\/\/cerco-auto.it\/","name":"CercoAuto","description":"Najlepszy u\u017cywany samoch\u00f3d","publisher":{"@id":"https:\/\/cerco-auto.it\/#organization"},"alternateName":"Acquista Auto Usate a Roma","potentialAction":[{"@type":"SearchAction","target":{"@type":"EntryPoint","urlTemplate":"https:\/\/cerco-auto.it\/?s={search_term_string}"},"query-input":{"@type":"PropertyValueSpecification","valueRequired":true,"valueName":"search_term_string"}}],"inLanguage":"pl-PL"},{"@type":"Organization","@id":"https:\/\/cerco-auto.it\/#organization","name":"CercoAuto","alternateName":"AUTO LOGISTICA EUROPEA SOCIETA\u2019 A RESPONSABILITA\u2019 LIMITATa","url":"https:\/\/cerco-auto.it\/","logo":{"@type":"ImageObject","inLanguage":"pl-PL","@id":"https:\/\/cerco-auto.it\/#\/schema\/logo\/image\/","url":"https:\/\/i0.wp.com\/cerco-auto.it\/wp-content\/uploads\/2025\/12\/cerco-logo.png?fit=170%2C45&ssl=1","contentUrl":"https:\/\/i0.wp.com\/cerco-auto.it\/wp-content\/uploads\/2025\/12\/cerco-logo.png?fit=170%2C45&ssl=1","width":170,"height":45,"caption":"CercoAuto"},"image":{"@id":"https:\/\/cerco-auto.it\/#\/schema\/logo\/image\/"},"sameAs":["https:\/\/www.facebook.com\/cercoautoit"]}]}},"jetpack_sharing_enabled":true,"_links":{"self":[{"href":"https:\/\/cerco-auto.it\/pl\/wp-json\/wp\/v2\/pages\/3","targetHints":{"allow":["GET"]}}],"collection":[{"href":"https:\/\/cerco-auto.it\/pl\/wp-json\/wp\/v2\/pages"}],"about":[{"href":"https:\/\/cerco-auto.it\/pl\/wp-json\/wp\/v2\/types\/page"}],"author":[{"embeddable":true,"href":"https:\/\/cerco-auto.it\/pl\/wp-json\/wp\/v2\/users\/1"}],"replies":[{"embeddable":true,"href":"https:\/\/cerco-auto.it\/pl\/wp-json\/wp\/v2\/comments?post=3"}],"version-history":[{"count":19,"href":"https:\/\/cerco-auto.it\/pl\/wp-json\/wp\/v2\/pages\/3\/revisions"}],"predecessor-version":[{"id":5018,"href":"https:\/\/cerco-auto.it\/pl\/wp-json\/wp\/v2\/pages\/3\/revisions\/5018"}],"wp:attachment":[{"href":"https:\/\/cerco-auto.it\/pl\/wp-json\/wp\/v2\/media?parent=3"}],"curies":[{"name":"wp","href":"https:\/\/api.w.org\/{rel}","templated":true}]}}